{"id":25,"date":"2014-01-10T15:33:31","date_gmt":"2014-01-10T07:33:31","guid":{"rendered":"http:\/\/www.lincoln.com.tw\/hungary\/?page_id=25"},"modified":"2019-05-22T18:03:14","modified_gmt":"2019-05-22T10:03:14","slug":"%e5%ad%b8%e6%a0%a1%e4%bb%8b%e7%b4%b9","status":"publish","type":"page","link":"http:\/\/www.lincoln.com.tw\/hungary\/%e5%ad%b8%e6%a0%a1%e4%bb%8b%e7%b4%b9\/","title":{"rendered":"\u5b78\u6821\u4ecb\u7d39"},"content":{"rendered":"\t\t<div class=\"elementor elementor-25\">\n\t\t\t<div class=\"elementor-inner\">\n\t\t\t\t<div class=\"elementor-section-wrap\">\n\t\t\t\t\t\t\t<section data-id=\"5c028886\" class=\"elementor-element elementor-element-5c028886 elementor-section-boxed elementor-section-height-default elementor-section-height-default elementor-section elementor-top-section\" data-settings=\"{&quot;background_background&quot;:&quot;classic&quot;}\" data-element_type=\"section\">\n\t\t\t\t\t\t<div class=\"elementor-container elementor-column-gap-default\">\n\t\t\t\t<div class=\"elementor-row\">\n\t\t\t\t<div data-id=\"d6d9bf5\" class=\"elementor-element elementor-element-d6d9bf5 elementor-column elementor-col-20 elementor-top-column\" data-element_type=\"column\">\n\t\t\t<div class=\"elementor-column-wrap\">\n\t\t\t\t\t<div class=\"elementor-widget-wrap\">\n\t\t\t\t\t\t<\/div>\n\t\t\t<\/div>\n\t\t<\/div>\n\t\t\t\t<div data-id=\"12c7d25\" class=\"elementor-element elementor-element-12c7d25 elementor-column elementor-col-20 elementor-top-column\" data-element_type=\"column\">\n\t\t\t<div class=\"elementor-column-wrap elementor-element-populated\">\n\t\t\t\t\t<div class=\"elementor-widget-wrap\">\n\t\t\t\t<div data-id=\"551ed4a\" class=\"elementor-element elementor-element-551ed4a elementor-widget elementor-widget-spacer\" data-element_type=\"spacer.default\">\n\t\t\t\t<div class=\"elementor-widget-container\">\n\t\t\t\t\t<div class=\"elementor-spacer\">\n\t\t\t<div class=\"elementor-spacer-inner\"><\/div>\n\t\t<\/div>\n\t\t\t\t<\/div>\n\t\t\t\t<\/div>\n\t\t\t\t\t\t<\/div>\n\t\t\t<\/div>\n\t\t<\/div>\n\t\t\t\t<div data-id=\"4c52e839\" class=\"elementor-element elementor-element-4c52e839 elementor-column elementor-col-20 elementor-top-column\" data-element_type=\"column\">\n\t\t\t<div class=\"elementor-column-wrap elementor-element-populated\">\n\t\t\t\t\t<div class=\"elementor-widget-wrap\">\n\t\t\t\t<div data-id=\"b436810\" class=\"elementor-element elementor-element-b436810 elementor-widget elementor-widget-image\" data-element_type=\"image.default\">\n\t\t\t\t<div class=\"elementor-widget-container\">\n\t\t\t\t\t<div class=\"elementor-image\">\n\t\t\t\t\t\t\t\t\t\t<img loading=\"lazy\" decoding=\"async\" width=\"525\" height=\"202\" src=\"http:\/\/www.lincoln.com.tw\/hungary\/wp-content\/uploads\/2014\/01\/Sz\u00e9chenyi-Chain-Bridge-at-Night-Sz\u00e9chenyi-L\u00e1nch\u00edd-Budapest-Hungary-e1542345628168-1024x394.jpg\" class=\"attachment-large size-large\" alt=\"\" srcset=\"http:\/\/www.lincoln.com.tw\/hungary\/wp-content\/uploads\/2014\/01\/Sz\u00e9chenyi-Chain-Bridge-at-Night-Sz\u00e9chenyi-L\u00e1nch\u00edd-Budapest-Hungary-e1542345628168-1024x394.jpg 1024w, http:\/\/www.lincoln.com.tw\/hungary\/wp-content\/uploads\/2014\/01\/Sz\u00e9chenyi-Chain-Bridge-at-Night-Sz\u00e9chenyi-L\u00e1nch\u00edd-Budapest-Hungary-e1542345628168-300x115.jpg 300w, http:\/\/www.lincoln.com.tw\/hungary\/wp-content\/uploads\/2014\/01\/Sz\u00e9chenyi-Chain-Bridge-at-Night-Sz\u00e9chenyi-L\u00e1nch\u00edd-Budapest-Hungary-e1542345628168-1038x400.jpg 1038w, http:\/\/www.lincoln.com.tw\/hungary\/wp-content\/uploads\/2014\/01\/Sz\u00e9chenyi-Chain-Bridge-at-Night-Sz\u00e9chenyi-L\u00e1nch\u00edd-Budapest-Hungary-e1542345628168-768x296.jpg 768w, http:\/\/www.lincoln.com.tw\/hungary\/wp-content\/uploads\/2014\/01\/Sz\u00e9chenyi-Chain-Bridge-at-Night-Sz\u00e9chenyi-L\u00e1nch\u00edd-Budapest-Hungary-e1542345628168.jpg 1039w\" sizes=\"100vw\" \/>\t\t\t\t\t\t\t\t\t\t\t<\/div>\n\t\t\t\t<\/div>\n\t\t\t\t<\/div>\n\t\t\t\t<div data-id=\"473a8421\" class=\"elementor-element elementor-element-473a8421 elementor-widget elementor-widget-text-editor\" data-element_type=\"text-editor.default\">\n\t\t\t\t<div class=\"elementor-widget-container\">\n\t\t\t\t\t<div class=\"elementor-text-editor elementor-clearfix\"><h4><span style=\"color: #00ccff;\">\u91ab\u5b78\u9662<\/span><\/h4><ul><li><span style=\"color: #ffffff;\"><a style=\"color: #ffffff;\" href=\"http:\/\/www.lincoln.com.tw\/hungary\/%E5%AD%B8%E6%A0%A1%E4%BB%8B%E7%B4%B9\/%E6%A3%AE%E6%A2%85%E5%A8%81%E6%80%9D%E5%A4%A7%E5%AD%B8-semmelweis-university\/\">\u68ee\u6885\u5a01\u601d\u5927\u5b78 Semmelweis University<\/a><\/span><\/li><li><span style=\"color: #ffffff;\"><a style=\"color: #ffffff;\" href=\"http:\/\/www.lincoln.com.tw\/hungary\/%E5%AD%B8%E6%A0%A1%E4%BB%8B%E7%B4%B9\/%E8%B3%BD%E8%93%8B%E5%BE%B7%E5%B8%82%E5%A4%A7%E5%AD%B8-university-of-szeged\/\">\u8cfd\u84cb\u5fb7\u5e02\u5927\u5b78 University of Szeged<\/a><\/span><\/li><li><span style=\"color: #ffffff;\"><a style=\"color: #ffffff;\" href=\"http:\/\/www.lincoln.com.tw\/hungary\/%E5%AD%B8%E6%A0%A1%E4%BB%8B%E7%B4%B9\/%E4%BD%A9%E5%95%9F%E5%B8%82%E5%A4%A7%E5%AD%B8-pecs-university\/\">\u4f69\u555f\u5e02\u5927\u5b78 Pecs University<\/a><\/span><\/li><li><span style=\"color: #ffffff;\"><a style=\"color: #ffffff;\" href=\"http:\/\/www.lincoln.com.tw\/hungary\/%E5%AD%B8%E6%A0%A1%E4%BB%8B%E7%B4%B9\/%E5%B8%83%E9%81%94%E4%BD%A9%E6%96%AF%E5%9C%8B%E9%9A%9B%E5%AD%B8%E9%99%A2-college-international-budapest\/\">\u5e03\u9054\u4f69\u65af\u570b\u969b\u5b78\u9662 College International, Budapest<\/a><\/span><\/li><\/ul><h4><span style=\"color: #00ccff;\">\u6587\u7406\u5546\u5b78\u9662<\/span><\/h4><ul><li><span style=\"color: #ffffff;\"><a style=\"color: #ffffff;\" href=\"http:\/\/www.lincoln.com.tw\/hungary\/%E5%AD%B8%E6%A0%A1%E4%BB%8B%E7%B4%B9\/%E7%BE%85%E8%98%AD%E6%96%87%E7%A7%91%E5%A4%A7%E5%AD%B8-lorand-eovtos-university\/\">\u7f85\u862d\u6587\u79d1\u5927\u5b78 Lorand Eovtos University<\/a><\/span><\/li><li><span style=\"color: #ffffff;\"><a style=\"color: #ffffff;\" href=\"http:\/\/www.lincoln.com.tw\/hungary\/%E5%AD%B8%E6%A0%A1%E4%BB%8B%E7%B4%B9\/%E5%B8%83%E9%81%94%E4%BD%A9%E6%96%AF%E6%8A%80%E8%A1%93%E8%88%87%E7%B6%93%E6%BF%9F%E5%A4%A7%E5%AD%B8-budapest-university-of-technology-and-economics\/\">\u5e03\u9054\u4f69\u65af\u6280\u8853\u8207\u7d93\u6fdf\u5927\u5b78 Budapest University of technology and Economics<\/a><\/span><\/li><li><span style=\"color: #ffffff;\"><a style=\"color: #ffffff;\" href=\"http:\/\/www.lincoln.com.tw\/hungary\/%E5%AD%B8%E6%A0%A1%E4%BB%8B%E7%B4%B9\/%E8%B3%88%E6%B3%A2%E7%88%BE%E5%AD%B8%E9%99%A2gabor-denes-college\/\">\u8cc8\u6ce2\u723e\u5b78\u9662Gabor Denes College<\/a><\/span><\/li><li><span style=\"color: #ffffff;\"><a style=\"color: #ffffff;\" href=\"http:\/\/www.lincoln.com.tw\/hungary\/%E5%AD%B8%E6%A0%A1%E4%BB%8B%E7%B4%B9\/%E7%B6%93%E6%BF%9F%E5%AD%B8%E9%99%A2-school-of-economics-studies\/\">\u7d93\u6fdf\u5b78\u9662 School of Economics Studies<\/a><\/span><\/li><li><span style=\"color: #ffffff;\"><a style=\"color: #ffffff;\" href=\"http:\/\/www.lincoln.com.tw\/hungary\/%E5%AD%B8%E6%A0%A1%E4%BB%8B%E7%B4%B9\/%E4%B8%AD%E6%AD%90%E5%A4%A7%E5%AD%B8-central-european-university\/\">\u4e2d\u6b50\u5927\u5b78 Central European University<\/a><\/span><\/li><\/ul><\/div>\n\t\t\t\t<\/div>\n\t\t\t\t<\/div>\n\t\t\t\t\t\t<\/div>\n\t\t\t<\/div>\n\t\t<\/div>\n\t\t\t\t<div data-id=\"39855c7\" class=\"elementor-element elementor-element-39855c7 elementor-column elementor-col-20 elementor-top-column\" data-element_type=\"column\">\n\t\t\t<div class=\"elementor-column-wrap elementor-element-populated\">\n\t\t\t\t\t<div class=\"elementor-widget-wrap\">\n\t\t\t\t<div data-id=\"ef83141\" class=\"elementor-element elementor-element-ef83141 elementor-widget elementor-widget-spacer\" data-element_type=\"spacer.default\">\n\t\t\t\t<div class=\"elementor-widget-container\">\n\t\t\t\t\t<div class=\"elementor-spacer\">\n\t\t\t<div class=\"elementor-spacer-inner\"><\/div>\n\t\t<\/div>\n\t\t\t\t<\/div>\n\t\t\t\t<\/div>\n\t\t\t\t\t\t<\/div>\n\t\t\t<\/div>\n\t\t<\/div>\n\t\t\t\t<div data-id=\"010b7ad\" class=\"elementor-element elementor-element-010b7ad elementor-column elementor-col-20 elementor-top-column\" data-element_type=\"column\">\n\t\t\t<div class=\"elementor-column-wrap\">\n\t\t\t\t\t<div class=\"elementor-widget-wrap\">\n\t\t\t\t\t\t<\/div>\n\t\t\t<\/div>\n\t\t<\/div>\n\t\t\t\t\t\t<\/div>\n\t\t\t<\/div>\n\t\t<\/section>\n\t\t\t\t<section data-id=\"362452a\" class=\"elementor-element elementor-element-362452a elementor-section-boxed elementor-section-height-default elementor-section-height-default elementor-section elementor-top-section\" data-element_type=\"section\">\n\t\t\t\t\t\t<div class=\"elementor-container elementor-column-gap-default\">\n\t\t\t\t<div class=\"elementor-row\">\n\t\t\t\t<div data-id=\"f319cc6\" class=\"elementor-element elementor-element-f319cc6 elementor-column elementor-col-12 elementor-top-column\" data-element_type=\"column\">\n\t\t\t<div class=\"elementor-column-wrap\">\n\t\t\t\t\t<div class=\"elementor-widget-wrap\">\n\t\t\t\t\t\t<\/div>\n\t\t\t<\/div>\n\t\t<\/div>\n\t\t\t\t<div data-id=\"517d212\" class=\"elementor-element elementor-element-517d212 elementor-column elementor-col-12 elementor-top-column\" data-element_type=\"column\">\n\t\t\t<div class=\"elementor-column-wrap elementor-element-populated\">\n\t\t\t\t\t<div class=\"elementor-widget-wrap\">\n\t\t\t\t<div data-id=\"ea78d89\" class=\"elementor-element elementor-element-ea78d89 elementor-widget elementor-widget-image\" data-element_type=\"image.default\">\n\t\t\t\t<div class=\"elementor-widget-container\">\n\t\t\t\t\t<div class=\"elementor-image\">\n\t\t\t\t\t\t\t\t\t\t<img loading=\"lazy\" decoding=\"async\" width=\"303\" height=\"303\" src=\"http:\/\/www.lincoln.com.tw\/hungary\/wp-content\/uploads\/2018\/11\/\u6797\u80af\u5168\u7403\u7559\u5b78\u8cc7\u8a0a\u7db2.jpg\" class=\"attachment-large size-large\" alt=\"\" srcset=\"http:\/\/www.lincoln.com.tw\/hungary\/wp-content\/uploads\/2018\/11\/\u6797\u80af\u5168\u7403\u7559\u5b78\u8cc7\u8a0a\u7db2.jpg 303w, http:\/\/www.lincoln.com.tw\/hungary\/wp-content\/uploads\/2018\/11\/\u6797\u80af\u5168\u7403\u7559\u5b78\u8cc7\u8a0a\u7db2-150x150.jpg 150w, http:\/\/www.lincoln.com.tw\/hungary\/wp-content\/uploads\/2018\/11\/\u6797\u80af\u5168\u7403\u7559\u5b78\u8cc7\u8a0a\u7db2-300x300.jpg 300w, http:\/\/www.lincoln.com.tw\/hungary\/wp-content\/uploads\/2018\/11\/\u6797\u80af\u5168\u7403\u7559\u5b78\u8cc7\u8a0a\u7db2-100x100.jpg 100w\" sizes=\"100vw\" \/>\t\t\t\t\t\t\t\t\t\t\t<\/div>\n\t\t\t\t<\/div>\n\t\t\t\t<\/div>\n\t\t\t\t<div data-id=\"f0d3469\" class=\"elementor-element elementor-element-f0d3469 elementor-widget elementor-widget-text-editor\" data-element_type=\"text-editor.default\">\n\t\t\t\t<div class=\"elementor-widget-container\">\n\t\t\t\t\t<div class=\"elementor-text-editor elementor-clearfix\"><h6>\u6797\u80af\u5168\u7403\u7559\u5b78\u8cc7\u8a0a<br \/>@studyabroad<\/h6><\/div>\n\t\t\t\t<\/div>\n\t\t\t\t<\/div>\n\t\t\t\t\t\t<\/div>\n\t\t\t<\/div>\n\t\t<\/div>\n\t\t\t\t<div data-id=\"3f4fa64\" class=\"elementor-element elementor-element-3f4fa64 elementor-column elementor-col-12 elementor-top-column\" data-element_type=\"column\">\n\t\t\t<div class=\"elementor-column-wrap elementor-element-populated\">\n\t\t\t\t\t<div class=\"elementor-widget-wrap\">\n\t\t\t\t<div data-id=\"421fa31\" class=\"elementor-element elementor-element-421fa31 elementor-widget elementor-widget-image\" data-element_type=\"image.default\">\n\t\t\t\t<div class=\"elementor-widget-container\">\n\t\t\t\t\t<div class=\"elementor-image\">\n\t\t\t\t\t\t\t\t\t\t<img loading=\"lazy\" decoding=\"async\" width=\"303\" height=\"301\" src=\"http:\/\/www.lincoln.com.tw\/hungary\/wp-content\/uploads\/2018\/11\/Lincoln-Education-ID-27818878.jpg\" class=\"attachment-large size-large\" alt=\"\" srcset=\"http:\/\/www.lincoln.com.tw\/hungary\/wp-content\/uploads\/2018\/11\/Lincoln-Education-ID-27818878.jpg 303w, http:\/\/www.lincoln.com.tw\/hungary\/wp-content\/uploads\/2018\/11\/Lincoln-Education-ID-27818878-150x150.jpg 150w, http:\/\/www.lincoln.com.tw\/hungary\/wp-content\/uploads\/2018\/11\/Lincoln-Education-ID-27818878-300x298.jpg 300w, http:\/\/www.lincoln.com.tw\/hungary\/wp-content\/uploads\/2018\/11\/Lincoln-Education-ID-27818878-100x100.jpg 100w\" sizes=\"100vw\" \/>\t\t\t\t\t\t\t\t\t\t\t<\/div>\n\t\t\t\t<\/div>\n\t\t\t\t<\/div>\n\t\t\t\t<div data-id=\"23e464b\" class=\"elementor-element elementor-element-23e464b elementor-widget elementor-widget-text-editor\" data-element_type=\"text-editor.default\">\n\t\t\t\t<div class=\"elementor-widget-container\">\n\t\t\t\t\t<div class=\"elementor-text-editor elementor-clearfix\"><h6>Lincoln Education<br \/>ID: 27818878<\/h6><\/div>\n\t\t\t\t<\/div>\n\t\t\t\t<\/div>\n\t\t\t\t\t\t<\/div>\n\t\t\t<\/div>\n\t\t<\/div>\n\t\t\t\t<div data-id=\"47f4144\" class=\"elementor-element elementor-element-47f4144 elementor-column elementor-col-12 elementor-top-column\" data-element_type=\"column\">\n\t\t\t<div class=\"elementor-column-wrap elementor-element-populated\">\n\t\t\t\t\t<div class=\"elementor-widget-wrap\">\n\t\t\t\t<div data-id=\"64c2860\" class=\"elementor-element elementor-element-64c2860 elementor-widget elementor-widget-image\" data-element_type=\"image.default\">\n\t\t\t\t<div class=\"elementor-widget-container\">\n\t\t\t\t\t<div class=\"elementor-image\">\n\t\t\t\t\t\t\t\t\t\t\t<a href=\"https:\/\/www.facebook.com\/lincoln.com.tw\/\" data-elementor-open-lightbox=\"\" target=\"_blank\">\n\t\t\t\t\t\t\t<img loading=\"lazy\" decoding=\"async\" width=\"500\" height=\"500\" src=\"http:\/\/www.lincoln.com.tw\/hungary\/wp-content\/uploads\/2018\/11\/facebook-standardized.png\" class=\"attachment-large size-large\" alt=\"\" srcset=\"http:\/\/www.lincoln.com.tw\/hungary\/wp-content\/uploads\/2018\/11\/facebook-standardized.png 500w, http:\/\/www.lincoln.com.tw\/hungary\/wp-content\/uploads\/2018\/11\/facebook-standardized-150x150.png 150w, http:\/\/www.lincoln.com.tw\/hungary\/wp-content\/uploads\/2018\/11\/facebook-standardized-300x300.png 300w, http:\/\/www.lincoln.com.tw\/hungary\/wp-content\/uploads\/2018\/11\/facebook-standardized-100x100.png 100w\" sizes=\"100vw\" \/>\t\t\t\t\t\t\t\t<\/a>\n\t\t\t\t\t\t\t\t\t\t\t<\/div>\n\t\t\t\t<\/div>\n\t\t\t\t<\/div>\n\t\t\t\t<div data-id=\"a696c70\" class=\"elementor-element elementor-element-a696c70 elementor-widget elementor-widget-text-editor\" data-element_type=\"text-editor.default\">\n\t\t\t\t<div class=\"elementor-widget-container\">\n\t\t\t\t\t<div class=\"elementor-text-editor elementor-clearfix\"><p style=\"text-align: center;\"><span style=\"color: #ffffff;\"><strong><a style=\"color: #ffffff;\" href=\"https:\/\/www.facebook.com\/lincoln.com.tw\/\" target=\"_blank\" rel=\"noopener\">\u6797\u80af\u7c89\u5c08<\/a><\/strong><\/span><\/p><\/div>\n\t\t\t\t<\/div>\n\t\t\t\t<\/div>\n\t\t\t\t\t\t<\/div>\n\t\t\t<\/div>\n\t\t<\/div>\n\t\t\t\t<div data-id=\"8a9c7a9\" class=\"elementor-element elementor-element-8a9c7a9 elementor-column elementor-col-12 elementor-top-column\" data-element_type=\"column\">\n\t\t\t<div class=\"elementor-column-wrap elementor-element-populated\">\n\t\t\t\t\t<div class=\"elementor-widget-wrap\">\n\t\t\t\t<div data-id=\"d1f895f\" class=\"elementor-element elementor-element-d1f895f elementor-widget elementor-widget-image\" data-element_type=\"image.default\">\n\t\t\t\t<div class=\"elementor-widget-container\">\n\t\t\t\t\t<div class=\"elementor-image\">\n\t\t\t\t\t\t\t\t\t\t\t<a href=\"https:\/\/www.youtube.com\/channel\/UCq788IM-xAk0IHbLPnykx9w\" data-elementor-open-lightbox=\"\" target=\"_blank\">\n\t\t\t\t\t\t\t<img loading=\"lazy\" decoding=\"async\" width=\"500\" height=\"500\" src=\"http:\/\/www.lincoln.com.tw\/hungary\/wp-content\/uploads\/2018\/11\/youtube-standardized.png\" class=\"attachment-large size-large\" alt=\"\" srcset=\"http:\/\/www.lincoln.com.tw\/hungary\/wp-content\/uploads\/2018\/11\/youtube-standardized.png 500w, http:\/\/www.lincoln.com.tw\/hungary\/wp-content\/uploads\/2018\/11\/youtube-standardized-150x150.png 150w, http:\/\/www.lincoln.com.tw\/hungary\/wp-content\/uploads\/2018\/11\/youtube-standardized-300x300.png 300w, http:\/\/www.lincoln.com.tw\/hungary\/wp-content\/uploads\/2018\/11\/youtube-standardized-100x100.png 100w\" sizes=\"100vw\" \/>\t\t\t\t\t\t\t\t<\/a>\n\t\t\t\t\t\t\t\t\t\t\t<\/div>\n\t\t\t\t<\/div>\n\t\t\t\t<\/div>\n\t\t\t\t<div data-id=\"909f4f9\" class=\"elementor-element elementor-element-909f4f9 elementor-widget elementor-widget-text-editor\" data-element_type=\"text-editor.default\">\n\t\t\t\t<div class=\"elementor-widget-container\">\n\t\t\t\t\t<div class=\"elementor-text-editor elementor-clearfix\"><p style=\"text-align: center;\"><span style=\"color: #ffffff;\"><strong><a style=\"color: #ffffff;\" href=\"https:\/\/www.youtube.com\/channel\/UCq788IM-xAk0IHbLPnykx9w\" target=\"_blank\" rel=\"noopener\">\u6797\u80af\u4f01\u7ba1youtube<\/a><\/strong><\/span><\/p><\/div>\n\t\t\t\t<\/div>\n\t\t\t\t<\/div>\n\t\t\t\t\t\t<\/div>\n\t\t\t<\/div>\n\t\t<\/div>\n\t\t\t\t<div data-id=\"22685ec\" class=\"elementor-element elementor-element-22685ec elementor-column elementor-col-12 elementor-top-column\" data-element_type=\"column\">\n\t\t\t<div class=\"elementor-column-wrap elementor-element-populated\">\n\t\t\t\t\t<div class=\"elementor-widget-wrap\">\n\t\t\t\t<div data-id=\"b612220\" class=\"elementor-element elementor-element-b612220 elementor-widget elementor-widget-image\" data-element_type=\"image.default\">\n\t\t\t\t<div class=\"elementor-widget-container\">\n\t\t\t\t\t<div class=\"elementor-image\">\n\t\t\t\t\t\t\t\t\t\t\t<a href=\"https:\/\/www.linkedin.com\/in\/lincoln-%E6%9E%97%E8%82%AF-%E4%BC%81%E7%AE%A1-education-management-092819173\/\" data-elementor-open-lightbox=\"\" target=\"_blank\">\n\t\t\t\t\t\t\t<img loading=\"lazy\" decoding=\"async\" width=\"500\" height=\"500\" src=\"http:\/\/www.lincoln.com.tw\/hungary\/wp-content\/uploads\/2018\/11\/linkedin-standardized.png\" class=\"attachment-large size-large\" alt=\"\" srcset=\"http:\/\/www.lincoln.com.tw\/hungary\/wp-content\/uploads\/2018\/11\/linkedin-standardized.png 500w, http:\/\/www.lincoln.com.tw\/hungary\/wp-content\/uploads\/2018\/11\/linkedin-standardized-150x150.png 150w, http:\/\/www.lincoln.com.tw\/hungary\/wp-content\/uploads\/2018\/11\/linkedin-standardized-300x300.png 300w, http:\/\/www.lincoln.com.tw\/hungary\/wp-content\/uploads\/2018\/11\/linkedin-standardized-100x100.png 100w\" sizes=\"100vw\" \/>\t\t\t\t\t\t\t\t<\/a>\n\t\t\t\t\t\t\t\t\t\t\t<\/div>\n\t\t\t\t<\/div>\n\t\t\t\t<\/div>\n\t\t\t\t<div data-id=\"3969cb5\" class=\"elementor-element elementor-element-3969cb5 elementor-widget elementor-widget-text-editor\" data-element_type=\"text-editor.default\">\n\t\t\t\t<div class=\"elementor-widget-container\">\n\t\t\t\t\t<div class=\"elementor-text-editor elementor-clearfix\"><p style=\"text-align: center;\"><span style=\"color: #ffffff;\"><strong><a style=\"color: #ffffff;\" href=\"https:\/\/www.linkedin.com\/in\/lincoln-%E6%9E%97%E8%82%AF-%E4%BC%81%E7%AE%A1-education-management-092819173\/\" target=\"_blank\" rel=\"noopener\">\u6797\u80afLinkedIn<\/a><\/strong><\/span><\/p><\/div>\n\t\t\t\t<\/div>\n\t\t\t\t<\/div>\n\t\t\t\t\t\t<\/div>\n\t\t\t<\/div>\n\t\t<\/div>\n\t\t\t\t<div data-id=\"91d4f83\" class=\"elementor-element elementor-element-91d4f83 elementor-column elementor-col-12 elementor-top-column\" data-element_type=\"column\">\n\t\t\t<div class=\"elementor-column-wrap elementor-element-populated\">\n\t\t\t\t\t<div class=\"elementor-widget-wrap\">\n\t\t\t\t<div data-id=\"be62142\" class=\"elementor-element elementor-element-be62142 elementor-widget elementor-widget-image\" data-element_type=\"image.default\">\n\t\t\t\t<div class=\"elementor-widget-container\">\n\t\t\t\t\t<div class=\"elementor-image\">\n\t\t\t\t\t\t\t\t\t\t\t<a href=\"https:\/\/twitter.com\/lincoln_taiwan\" data-elementor-open-lightbox=\"\" target=\"_blank\">\n\t\t\t\t\t\t\t<img loading=\"lazy\" decoding=\"async\" width=\"500\" height=\"500\" src=\"http:\/\/www.lincoln.com.tw\/hungary\/wp-content\/uploads\/2018\/11\/twitter-standardized.png\" class=\"attachment-large size-large\" alt=\"\" srcset=\"http:\/\/www.lincoln.com.tw\/hungary\/wp-content\/uploads\/2018\/11\/twitter-standardized.png 500w, http:\/\/www.lincoln.com.tw\/hungary\/wp-content\/uploads\/2018\/11\/twitter-standardized-150x150.png 150w, http:\/\/www.lincoln.com.tw\/hungary\/wp-content\/uploads\/2018\/11\/twitter-standardized-300x300.png 300w, http:\/\/www.lincoln.com.tw\/hungary\/wp-content\/uploads\/2018\/11\/twitter-standardized-100x100.png 100w\" sizes=\"100vw\" \/>\t\t\t\t\t\t\t\t<\/a>\n\t\t\t\t\t\t\t\t\t\t\t<\/div>\n\t\t\t\t<\/div>\n\t\t\t\t<\/div>\n\t\t\t\t<div data-id=\"e957e58\" class=\"elementor-element elementor-element-e957e58 elementor-widget elementor-widget-text-editor\" data-element_type=\"text-editor.default\">\n\t\t\t\t<div class=\"elementor-widget-container\">\n\t\t\t\t\t<div class=\"elementor-text-editor elementor-clearfix\"><p style=\"text-align: center;\"><span style=\"color: #ffffff;\"><strong><a style=\"color: #ffffff;\" href=\"https:\/\/twitter.com\/lincoln_taiwan\" target=\"_blank\" rel=\"noopener\">\u6797\u80aftwitter<\/a><\/strong><\/span><\/p><\/div>\n\t\t\t\t<\/div>\n\t\t\t\t<\/div>\n\t\t\t\t\t\t<\/div>\n\t\t\t<\/div>\n\t\t<\/div>\n\t\t\t\t<div data-id=\"bbec8bd\" class=\"elementor-element elementor-element-bbec8bd elementor-column elementor-col-12 elementor-top-column\" data-element_type=\"column\">\n\t\t\t<div class=\"elementor-column-wrap\">\n\t\t\t\t\t<div class=\"elementor-widget-wrap\">\n\t\t\t\t\t\t<\/div>\n\t\t\t<\/div>\n\t\t<\/div>\n\t\t\t\t\t\t<\/div>\n\t\t\t<\/div>\n\t\t<\/section>\n\t\t\t\t\t\t<\/div>\n\t\t\t<\/div>\n\t\t<\/div>\n\t\t","protected":false},"excerpt":{"rendered":"<p>\u91ab\u5b78\u9662 \u68ee\u6885\u5a01\u601d\u5927\u5b78 Semmelweis University \u8cfd\u84cb\u5fb7\u5e02\u5927\u5b78 University of S &hellip; <\/p>\n<p class=\"link-more\"><a href=\"http:\/\/www.lincoln.com.tw\/hungary\/%e5%ad%b8%e6%a0%a1%e4%bb%8b%e7%b4%b9\/\" class=\"more-link\">\u95b1\u8b80\u5168\u6587<span class=\"screen-reader-text\">\u3008\u5b78\u6821\u4ecb\u7d39\u3009<\/span><\/a><\/p>\n","protected":false},"author":1,"featured_media":0,"parent":0,"menu_order":0,"comment_status":"closed","ping_status":"open","template":"elementor_header_footer","meta":{"footnotes":""},"_links":{"self":[{"href":"http:\/\/www.lincoln.com.tw\/hungary\/wp-json\/wp\/v2\/pages\/25"}],"collection":[{"href":"http:\/\/www.lincoln.com.tw\/hungary\/wp-json\/wp\/v2\/pages"}],"about":[{"href":"http:\/\/www.lincoln.com.tw\/hungary\/wp-json\/wp\/v2\/types\/page"}],"author":[{"embeddable":true,"href":"http:\/\/www.lincoln.com.tw\/hungary\/wp-json\/wp\/v2\/users\/1"}],"replies":[{"embeddable":true,"href":"http:\/\/www.lincoln.com.tw\/hungary\/wp-json\/wp\/v2\/comments?post=25"}],"version-history":[{"count":7,"href":"http:\/\/www.lincoln.com.tw\/hungary\/wp-json\/wp\/v2\/pages\/25\/revisions"}],"predecessor-version":[{"id":1150,"href":"http:\/\/www.lincoln.com.tw\/hungary\/wp-json\/wp\/v2\/pages\/25\/revisions\/1150"}],"wp:attachment":[{"href":"http:\/\/www.lincoln.com.tw\/hungary\/wp-json\/wp\/v2\/media?parent=25"}],"curies":[{"name":"wp","href":"https:\/\/api.w.org\/{rel}","templated":true}]}}