{"id":460,"date":"2017-02-21T17:32:05","date_gmt":"2017-02-21T09:32:05","guid":{"rendered":"http:\/\/www.lincoln.com.tw\/hungary\/?page_id=460"},"modified":"2020-03-04T15:48:29","modified_gmt":"2020-03-04T07:48:29","slug":"%e5%ad%b8%e6%a0%a1%e4%bb%8b%e7%b4%b9","status":"publish","type":"page","link":"http:\/\/www.lincoln.com.tw\/hungary\/%e5%ad%b8%e6%a0%a1%e4%bb%8b%e7%b4%b9\/%e6%a3%ae%e6%a2%85%e5%a8%81%e6%80%9d%e5%a4%a7%e5%ad%b8-semmelweis-university\/%e5%ad%b8%e6%a0%a1%e4%bb%8b%e7%b4%b9\/","title":{"rendered":"\u5b78\u6821\u4ecb\u7d39"},"content":{"rendered":"\t\t<div class=\"elementor elementor-460\">\n\t\t\t<div class=\"elementor-inner\">\n\t\t\t\t<div class=\"elementor-section-wrap\">\n\t\t\t\t\t\t\t<section data-id=\"7a30d5bd\" class=\"elementor-element elementor-element-7a30d5bd elementor-section-boxed elementor-section-height-default elementor-section-height-default elementor-section elementor-top-section\" data-settings=\"{&quot;background_background&quot;:&quot;classic&quot;}\" data-element_type=\"section\">\n\t\t\t\t\t\t<div class=\"elementor-container elementor-column-gap-default\">\n\t\t\t\t<div class=\"elementor-row\">\n\t\t\t\t<div data-id=\"23a178d\" class=\"elementor-element elementor-element-23a178d elementor-column elementor-col-20 elementor-top-column\" data-element_type=\"column\">\n\t\t\t<div class=\"elementor-column-wrap\">\n\t\t\t\t\t<div class=\"elementor-widget-wrap\">\n\t\t\t\t\t\t<\/div>\n\t\t\t<\/div>\n\t\t<\/div>\n\t\t\t\t<div data-id=\"f82abfe\" class=\"elementor-element elementor-element-f82abfe elementor-column elementor-col-20 elementor-top-column\" data-element_type=\"column\">\n\t\t\t<div class=\"elementor-column-wrap elementor-element-populated\">\n\t\t\t\t\t<div class=\"elementor-widget-wrap\">\n\t\t\t\t<div data-id=\"bb10d3e\" class=\"elementor-element elementor-element-bb10d3e elementor-widget elementor-widget-spacer\" data-element_type=\"spacer.default\">\n\t\t\t\t<div class=\"elementor-widget-container\">\n\t\t\t\t\t<div class=\"elementor-spacer\">\n\t\t\t<div class=\"elementor-spacer-inner\"><\/div>\n\t\t<\/div>\n\t\t\t\t<\/div>\n\t\t\t\t<\/div>\n\t\t\t\t\t\t<\/div>\n\t\t\t<\/div>\n\t\t<\/div>\n\t\t\t\t<div data-id=\"18c9cf6c\" class=\"elementor-element elementor-element-18c9cf6c elementor-column elementor-col-20 elementor-top-column\" data-element_type=\"column\">\n\t\t\t<div class=\"elementor-column-wrap elementor-element-populated\">\n\t\t\t\t\t<div class=\"elementor-widget-wrap\">\n\t\t\t\t<div data-id=\"6c4caaed\" class=\"elementor-element elementor-element-6c4caaed elementor-widget elementor-widget-text-editor\" data-element_type=\"text-editor.default\">\n\t\t\t\t<div class=\"elementor-widget-container\">\n\t\t\t\t\t<div class=\"elementor-text-editor elementor-clearfix\"><h1 style=\"text-align: center;\"><span style=\"color: #000080;\">\u68ee\u6885\u5a01\u601d\u5927\u5b78 Semmelweis University<\/span><\/h1><h4><a href=\"http:\/\/www.lincoln.com.tw\/hungary\/wp-content\/uploads\/2014\/01\/eok9.jpg\"><img loading=\"lazy\" decoding=\"async\" class=\"alignnone size-full wp-image-171\" src=\"http:\/\/www.lincoln.com.tw\/hungary\/wp-content\/uploads\/2014\/01\/eok9.jpg\" alt=\"eok9\" width=\"780\" height=\"302\" srcset=\"http:\/\/www.lincoln.com.tw\/hungary\/wp-content\/uploads\/2014\/01\/eok9.jpg 780w, http:\/\/www.lincoln.com.tw\/hungary\/wp-content\/uploads\/2014\/01\/eok9-300x116.jpg 300w\" sizes=\"(max-width: 767px) 89vw, (max-width: 1000px) 54vw, (max-width: 1071px) 543px, 580px\" \/><\/a><\/h4><p><span style=\"color: #000080;\"><strong>\u7c21\u53f2Brief History<\/strong><\/span><\/p><p><strong><span style=\"color: #333333;\">1635\u5e74\uff0c\u6a1e\u6a5f\u4e3b\u6559P\u00e9ter P\u00e1zm\u00e1ny\u5728\u4eca\u65e5\u65af\u6d1b\u4f10\u514b\u7684\u7279\u723e\u7d0d\u74e6\u5275\u7acb\u4e86\u672c\u6821\u7684\u524d\u8eab\u30021769\u5e7411\u67087\u65e5\u5967\u5730\u5229\u5973\u5927\u516c\u517c\u5308\u7259\u5229\u5973\u738b\u746a\u9e97\u4e9e\u2027\u7279\u857e\u838e\u5728\u539f\u672c\u7684\u795e\u5b78\u9662\u4e0b\u6210\u7acb\u4e86\u91ab\u5b78\u9662\u3002\u65b0\u6210\u7acb\u7684\u5b78\u9662\u65bc1777\u5e74\u9077\u81f3\u5e03\u9054\uff0c\u4e4b\u5f8c\u53c8\u642c\u5230\u591a\u7459\u6cb3\u5c0d\u5cb8\u7684\u4f69\u65af\uff08\u7576\u6642\u7684\u5e03\u9054\u4f69\u65af\u4e26\u975e\u4e00\u500b\u57ce\u5e02\u3002\uff09\u57281848\u5e74\uff0c\u7531\u65bc\u7368\u7acb\u6230\u722d\u7684\u5f71\u97ff\uff0c\u672c\u6821\u6210\u70ba\u570b\u5bb6\u5927\u5b78\u3002\u96a8\u845719\u4e16\u7d00\u672b\u8fd1\u4ee3\u91ab\u7642\u6280\u8853\u7684\u6539\u9769\uff0c\u5e03\u9054\u4f69\u65af\u4e5f\u662f\u7576\u6642\u7684\u91cd\u5fc3\u4e4b\u4e00\u3002\u7576\u6642\u6240\u4f7f\u7528\u7684\u5efa\u7bc9\u7269\uff0c\u7d93\u904e\u7ffb\u65b0\u8207\u73fe\u4ee3\u5316\u5f8c\u4f9d\u7136\u6cbf\u7528\u81f320\u4e16\u7d00\uff0c\u8207\u65b0\u8a2d\u65bd\u4e26\u5b58\u30021951\u5e74\uff0c\u91ab\u5b78\u9662\u88ab\u8a8d\u53ef\u70ba\u7368\u7acb\u7684\u5b78\u6821\uff0c\u6821\u540d\u6539\u70ba\u5e03\u9054\u4f69\u65af\u91ab\u5b78\u5927\u5b78\u3002\u7d93\u904e\u7259\u91ab\u79d1\u8207\u85e5\u5b78\u7684\u4f75\u5165\uff0c1969\u5e74\uff0c\u672c\u6821\u6539\u540d\u70ba\u68ee\u6885\u5a01\u65af\u91ab\u5b78\u5927\u5b78\uff0c\u4ee5\u7d00\u5ff5\u767c\u73fe\u7522\u8925\u71b1\u75c5\u56e0\u7684\u5308\u7259\u5229\u7522\u79d1\u91ab\u5e2b\u4f0a\u683c\u7d0d\u8332\u2027\u68ee\u6885\u5a01\u601d\u3002\u5728\u4eca\u65e5\uff0c\u672c\u6821\u7531\u4ee5\u4e0b\u5404\u5b78\u9662\u7d44\u6210\uff1a\u91ab\u5b78\u9662\u3001\u7259\u91ab\u5b78\u9662\u3001\u85e5\u5b78\u9662\u3001\u885b\u751f\u79d1\u5b78\u5b78\u9662\u8207\u885b\u751f\u798f\u5229\u5b78\u9662\u3002\u672c\u6821\u662f\u5308\u7259\u5229\u7b2c\u4e00\u6240\u9ad8\u7b49\u6559\u80b2\u6a5f\u69cb\uff0c\u9664\u4e86\u63d0\u4f9b\u5308\u7259\u5229\u8a9e\u8ab2\u7a0b\uff0c\u4e5f\u63d0\u4f9b\u570b\u969b\u5b78\u751f\u5fb7\u8a9e\u548c\u82f1\u8a9e\u8ab2\u7a0b\uff08\u5f8c\u8005\u542b\u91ab\u5b78\u3001\u7259\u91ab\u548c\u85e5\u5b78\uff09\u3002<\/span><\/strong><\/p><p><span style=\"color: #000080;\"><strong>\u4e8b\u5be6\u8207\u6578\u64daFacts and Figures<\/strong><\/span><\/p><p><strong><span style=\"color: #333333;\">\u68ee\u6885\u5a01\u601d\u91ab\u5b78\u5927\u5b78\u5728\u5b78\u8853\u5c08\u696d\u4ee5\u53ca\u91ab\u5b78\u6559\u80b2\u4e0a\u64c1\u6709\u8d85\u904e240\u5e74\u7684\u50b3\u7d71\u3002\u672c\u6821\u51fa\u904e\u8afe\u8c9d\u723e\u5f97\u4e3b\u4ee5\u53ca\u4e16\u754c\u77e5\u540d\u7684\u5b78\u8005\u548c\u81e8\u5e8a\u91ab\u5e2b\u3002\u672c\u6821\u76ee\u524d2400\u540d\u5b78\u751f\uff0c\u7259\u91ab500\u540d\u3001\u85e5\u5b78690\u540d\u3002\u5fb7\u8a9e\u8ab2\u7a0b\u67091100\u540d\u5fb7\u570b\u5b78\u751f\uff0c\u82f1\u8a9e\u8ab2\u7a0b\u5247\u67091670\u540d\u570b\u969b\u5b78\u751f\u3002\u5927\u5b78\u6559\u5b78\u91ab\u9662\u67092160\u5f35\u75c5\u5e8a\uff0c\u6bcf\u5e74\u63a5\u53d716\u842c\u540d\u75c5\u60a3\u3002\u975e\u4f4f\u9662\u770b\u8a3a\u4eba\u6578\u5247\u9054\u6bcf\u5e742\u767e38\u842c\u4eba\u3002\u6211\u5011\u7684\u81e8\u5e8a\u8207\u81e8\u5e8a\u524d\u671f\u7814\u7a76\u8ab2\u7a0b\u63a5\u53d7\u5927\u5b78\u3001\u6559\u80b2\u90e8\u3001\u5308\u7259\u5229\u79d1\u5b78\u9662\u4ee5\u53ca\u5404\u985e\u88dc\u52a9\u91d1\u7684\u8d0a\u52a9\u3002<\/span><\/strong><\/p><p><span style=\"color: #000080;\"><strong>\u8a8d\u8b49Accreditation <\/strong><\/span><\/p><p><strong><span style=\"color: #333333;\">\u4f5c\u70ba\u570b\u7acb\u5927\u5b78\uff0c\u68ee\u6885\u5a01\u601d\u91ab\u5b78\u5927\u5b78\u53d7\u5308\u7259\u5229\u6559\u80b2\u90e8\u8207\u885b\u751f\u90e8\u76e3\u7ba1\u3002\u672c\u6821\u540d\u5217\u4e16\u754c\u885b\u751f\u7d44\u7e54\u8a8d\u53ef\u7684\u91ab\u5b78\u5b78\u6821\u540d\u9304\u3002\u672c\u6821\u5e2b\u8cc7\u7686\u53d7\u5308\u7259\u5229\u8a8d\u8b49\u59d4\u54e1\u6703\u8a8d\u53ef\uff0c\u5176\u8a8d\u53ef\u6a19\u6e96\u4ea6\u53d7\u7f8e\u570b\u627f\u8a8d\u3002<\/span><\/strong><\/p><p><span style=\"color: #000080;\"><strong>\u5b78\u4f4d\u5728\u570b\u969b\u9593\u8a8d\u53ef\u72c0\u6cc1International Recognition of the Degrees<\/strong><\/span><\/p><p><strong><span style=\"color: #333333;\"><span style=\"color: #ff0000;\">\u6b50\u76df\uff1a<\/span>\u6b50\u76df\u570b\u5bb6\u8207\u5308\u7259\u5229\u5c08\u696d\u689d\u4ef6\u76f8\u540c\uff0c\u5747\u63a5\u53d7\u5308\u7259\u5229\u6587\u6191\u3002<\/span><\/strong><\/p><p><strong><span style=\"color: #333333;\"><span style=\"color: #ff0000;\">\u7f8e\u570b\uff1a<\/span>\u6301\u68ee\u6885\u5a01\u601d\u91ab\u5b78\u6587\u6191\u8005\u6709\u6b0a\u63a5\u53d7\u7f8e\u570b\u91ab\u5e2b\u57f7\u7167\u8003\u8a66\uff0c\u901a\u904e\u5f8c\u5373\u53ef\u7533\u8acb\u5c45\u7559\u3002\u6301\u68ee\u6885\u5a01\u601d\u7259\u91ab\u5b78\u6587\u6191\u8005\u5fc5\u9808\u9054\u6210\u7f8e\u570b\u7259\u91ab\u57f7\u7167\u6a19\u6e96\u3002\u8a73\u7d30\u8cc7\u8a0a\u8acb\u53c3\u8003\uff1a<\/span><\/strong><\/p><ul><li><strong><span style=\"color: #333333;\">\u91ab\u5e2b\u57f7\u7167\uff1a<a style=\"color: #333333;\" href=\"http:\/\/www.usmle.org\/index.html\" target=\"_blank\" rel=\"noopener\">http:\/\/www.usmle.org\/index.html<\/a><\/span><\/strong><\/li><li><strong><span style=\"color: #333333;\">\u7259\u91ab\u57f7\u7167\uff1a<a style=\"color: #333333;\" href=\"http:\/\/www.ada.org\/sections\/professionalResources\/pdfs\/licensure_stepbystep_intl.pdf\" target=\"_blank\" rel=\"noopener\">http:\/\/www.ada.org\/sections\/professionalResources\/pdfs\/licensure_stepbystep_intl.pdf<\/a>\uff5c<a style=\"color: #333333;\" href=\"http:\/\/www.ada.org\/1628.aspx\" target=\"_blank\" rel=\"noopener\">http:\/\/www.ada.org\/1628.aspx<\/a><\/span><\/strong><ul><li><strong><span style=\"color: #333333;\">Semmelweis University\u63d0\u4f9b\u7f8e\u570b\u91ab\u7642\u57f7\u7167\u57f9\u8a13\u8ab2\u7a0b<\/span><\/strong><\/li><\/ul><\/li><\/ul><p><strong><span style=\"color: #333333;\"><span style=\"color: #ff0000;\">\u52a0\u62ff\u5927\uff1a<\/span>\u68ee\u6885\u5a01\u601d\u7562\u696d\u751f\u53ef\u7533\u8acb\u53c3\u52a0\u5169\u7a2e\u52a0\u62ff\u5927\u570b\u5bb6\u91ab\u5e2b\u57f7\u7167\u8003\u8a66\uff08MCCEE\u8207MCCQE\uff09\uff0c\u901a\u904e\u5f8c\u53ef\u7533\u8acb\u5c45\u7559\u3002<\/span><\/strong><\/p><p><strong><span style=\"color: #333333;\"><span style=\"color: #ff0000;\">\u4ee5\u8272\u5217\uff1a<\/span>\u68ee\u6885\u5a01\u601d\u7562\u696d\u751f\u5fc5\u9808\u5b8c\u6210\u4e00\u5e74\u7684\u5be6\u7fd2\u4e26\u901a\u904e\u8003\u8a66\uff0c\u624d\u80fd\u62ff\u5230\u6c38\u4e45\u91ab\u7642\u57f7\u696d\u8b49\u7167\u3002<\/span><\/strong><\/p><p><strong><span style=\"color: #333333;\"><span style=\"color: #ff0000;\">\u5370\u5ea6\uff1a<\/span>\u68ee\u6885\u5a01\u601d\u7684\u7259\u91ab\u5b78\u4f4d\u7b49\u540c\u65bc\u5370\u5ea6\u7684D.S.\u6587\u6191\u3002<\/span><\/strong><\/p><p><strong><span style=\"color: #333333;\">\u7121\u6b67\u8996\u8072\u660eStatement of Non-Discrimination<\/span><\/strong><\/p><p><strong><span style=\"color: #333333;\">\u68ee\u6885\u5a01\u601d\u91ab\u5b78\u5927\u5b78\u5c0d\u4e0d\u540c\u7a2e\u65cf\u3001\u819a\u8272\u3001\u570b\u7c4d\u3001\u6c11\u65cf\u6587\u5316\u80cc\u666f\u3001\u5b97\u6559\u3001\u6027\u5225\u3001\u5a5a\u59fb\u72c0\u6cc1\u5747\u4e00\u8996\u540c\u4ec1\u3002<\/span><\/strong><\/p><\/div>\n\t\t\t\t<\/div>\n\t\t\t\t<\/div>\n\t\t\t\t\t\t<\/div>\n\t\t\t<\/div>\n\t\t<\/div>\n\t\t\t\t<div data-id=\"fedbabb\" class=\"elementor-element elementor-element-fedbabb elementor-column elementor-col-20 elementor-top-column\" data-element_type=\"column\">\n\t\t\t<div class=\"elementor-column-wrap elementor-element-populated\">\n\t\t\t\t\t<div class=\"elementor-widget-wrap\">\n\t\t\t\t<div data-id=\"470ee68\" class=\"elementor-element elementor-element-470ee68 elementor-widget elementor-widget-spacer\" data-element_type=\"spacer.default\">\n\t\t\t\t<div class=\"elementor-widget-container\">\n\t\t\t\t\t<div class=\"elementor-spacer\">\n\t\t\t<div class=\"elementor-spacer-inner\"><\/div>\n\t\t<\/div>\n\t\t\t\t<\/div>\n\t\t\t\t<\/div>\n\t\t\t\t\t\t<\/div>\n\t\t\t<\/div>\n\t\t<\/div>\n\t\t\t\t<div data-id=\"c1e29ad\" class=\"elementor-element elementor-element-c1e29ad elementor-column elementor-col-20 elementor-top-column\" data-element_type=\"column\">\n\t\t\t<div class=\"elementor-column-wrap\">\n\t\t\t\t\t<div class=\"elementor-widget-wrap\">\n\t\t\t\t\t\t<\/div>\n\t\t\t<\/div>\n\t\t<\/div>\n\t\t\t\t\t\t<\/div>\n\t\t\t<\/div>\n\t\t<\/section>\n\t\t\t\t<section data-id=\"4e1a447\" class=\"elementor-element elementor-element-4e1a447 elementor-section-boxed elementor-section-height-default elementor-section-height-default elementor-section elementor-top-section\" data-element_type=\"section\">\n\t\t\t\t\t\t<div class=\"elementor-container elementor-column-gap-default\">\n\t\t\t\t<div class=\"elementor-row\">\n\t\t\t\t<div data-id=\"f9b3b36\" class=\"elementor-element elementor-element-f9b3b36 elementor-column elementor-col-12 elementor-top-column\" data-element_type=\"column\">\n\t\t\t<div class=\"elementor-column-wrap\">\n\t\t\t\t\t<div class=\"elementor-widget-wrap\">\n\t\t\t\t\t\t<\/div>\n\t\t\t<\/div>\n\t\t<\/div>\n\t\t\t\t<div data-id=\"0b30317\" class=\"elementor-element elementor-element-0b30317 elementor-column elementor-col-12 elementor-top-column\" data-element_type=\"column\">\n\t\t\t<div class=\"elementor-column-wrap elementor-element-populated\">\n\t\t\t\t\t<div class=\"elementor-widget-wrap\">\n\t\t\t\t<div data-id=\"6b12713\" class=\"elementor-element elementor-element-6b12713 elementor-widget elementor-widget-image\" data-element_type=\"image.default\">\n\t\t\t\t<div class=\"elementor-widget-container\">\n\t\t\t\t\t<div class=\"elementor-image\">\n\t\t\t\t\t\t\t\t\t\t<img loading=\"lazy\" decoding=\"async\" width=\"303\" height=\"303\" src=\"http:\/\/www.lincoln.com.tw\/hungary\/wp-content\/uploads\/2018\/11\/\u6797\u80af\u5168\u7403\u7559\u5b78\u8cc7\u8a0a\u7db2.jpg\" class=\"attachment-large size-large\" alt=\"\" srcset=\"http:\/\/www.lincoln.com.tw\/hungary\/wp-content\/uploads\/2018\/11\/\u6797\u80af\u5168\u7403\u7559\u5b78\u8cc7\u8a0a\u7db2.jpg 303w, http:\/\/www.lincoln.com.tw\/hungary\/wp-content\/uploads\/2018\/11\/\u6797\u80af\u5168\u7403\u7559\u5b78\u8cc7\u8a0a\u7db2-150x150.jpg 150w, http:\/\/www.lincoln.com.tw\/hungary\/wp-content\/uploads\/2018\/11\/\u6797\u80af\u5168\u7403\u7559\u5b78\u8cc7\u8a0a\u7db2-300x300.jpg 300w, http:\/\/www.lincoln.com.tw\/hungary\/wp-content\/uploads\/2018\/11\/\u6797\u80af\u5168\u7403\u7559\u5b78\u8cc7\u8a0a\u7db2-100x100.jpg 100w\" sizes=\"100vw\" \/>\t\t\t\t\t\t\t\t\t\t\t<\/div>\n\t\t\t\t<\/div>\n\t\t\t\t<\/div>\n\t\t\t\t<div data-id=\"9d56b9f\" class=\"elementor-element elementor-element-9d56b9f elementor-widget elementor-widget-text-editor\" data-element_type=\"text-editor.default\">\n\t\t\t\t<div class=\"elementor-widget-container\">\n\t\t\t\t\t<div class=\"elementor-text-editor elementor-clearfix\"><h6><span style=\"color: #ffffff;\">\u6797\u80af\u5168\u7403\u7559\u5b78\u8cc7\u8a0a<\/span><\/h6><h6><span style=\"color: #ffffff;\">@studyabroad<\/span><\/h6><\/div>\n\t\t\t\t<\/div>\n\t\t\t\t<\/div>\n\t\t\t\t\t\t<\/div>\n\t\t\t<\/div>\n\t\t<\/div>\n\t\t\t\t<div data-id=\"ff1b141\" class=\"elementor-element elementor-element-ff1b141 elementor-column elementor-col-12 elementor-top-column\" data-element_type=\"column\">\n\t\t\t<div class=\"elementor-column-wrap elementor-element-populated\">\n\t\t\t\t\t<div class=\"elementor-widget-wrap\">\n\t\t\t\t<div data-id=\"42bb2c4\" class=\"elementor-element elementor-element-42bb2c4 elementor-widget elementor-widget-image\" data-element_type=\"image.default\">\n\t\t\t\t<div class=\"elementor-widget-container\">\n\t\t\t\t\t<div class=\"elementor-image\">\n\t\t\t\t\t\t\t\t\t\t<img loading=\"lazy\" decoding=\"async\" width=\"303\" height=\"301\" src=\"http:\/\/www.lincoln.com.tw\/hungary\/wp-content\/uploads\/2018\/11\/Lincoln-Education-ID-27818878.jpg\" class=\"attachment-large size-large\" alt=\"\" srcset=\"http:\/\/www.lincoln.com.tw\/hungary\/wp-content\/uploads\/2018\/11\/Lincoln-Education-ID-27818878.jpg 303w, http:\/\/www.lincoln.com.tw\/hungary\/wp-content\/uploads\/2018\/11\/Lincoln-Education-ID-27818878-150x150.jpg 150w, http:\/\/www.lincoln.com.tw\/hungary\/wp-content\/uploads\/2018\/11\/Lincoln-Education-ID-27818878-300x298.jpg 300w, http:\/\/www.lincoln.com.tw\/hungary\/wp-content\/uploads\/2018\/11\/Lincoln-Education-ID-27818878-100x100.jpg 100w\" sizes=\"100vw\" \/>\t\t\t\t\t\t\t\t\t\t\t<\/div>\n\t\t\t\t<\/div>\n\t\t\t\t<\/div>\n\t\t\t\t<div data-id=\"fec9b08\" class=\"elementor-element elementor-element-fec9b08 elementor-widget elementor-widget-text-editor\" data-element_type=\"text-editor.default\">\n\t\t\t\t<div class=\"elementor-widget-container\">\n\t\t\t\t\t<div class=\"elementor-text-editor elementor-clearfix\"><h6><span style=\"color: #ffffff;\">Lincoln Education<\/span><\/h6><h6><span style=\"color: #ffffff;\">ID: 27818878<\/span><\/h6><\/div>\n\t\t\t\t<\/div>\n\t\t\t\t<\/div>\n\t\t\t\t\t\t<\/div>\n\t\t\t<\/div>\n\t\t<\/div>\n\t\t\t\t<div data-id=\"bb86a20\" class=\"elementor-element elementor-element-bb86a20 elementor-column elementor-col-12 elementor-top-column\" data-element_type=\"column\">\n\t\t\t<div class=\"elementor-column-wrap elementor-element-populated\">\n\t\t\t\t\t<div class=\"elementor-widget-wrap\">\n\t\t\t\t<div data-id=\"0044d28\" class=\"elementor-element elementor-element-0044d28 elementor-widget elementor-widget-image\" data-element_type=\"image.default\">\n\t\t\t\t<div class=\"elementor-widget-container\">\n\t\t\t\t\t<div class=\"elementor-image\">\n\t\t\t\t\t\t\t\t\t\t\t<a href=\"https:\/\/www.facebook.com\/lincoln.com.tw\/\" data-elementor-open-lightbox=\"\" target=\"_blank\">\n\t\t\t\t\t\t\t<img loading=\"lazy\" decoding=\"async\" width=\"500\" height=\"500\" src=\"http:\/\/www.lincoln.com.tw\/hungary\/wp-content\/uploads\/2018\/11\/facebook-standardized.png\" class=\"attachment-large size-large\" alt=\"\" srcset=\"http:\/\/www.lincoln.com.tw\/hungary\/wp-content\/uploads\/2018\/11\/facebook-standardized.png 500w, http:\/\/www.lincoln.com.tw\/hungary\/wp-content\/uploads\/2018\/11\/facebook-standardized-150x150.png 150w, http:\/\/www.lincoln.com.tw\/hungary\/wp-content\/uploads\/2018\/11\/facebook-standardized-300x300.png 300w, http:\/\/www.lincoln.com.tw\/hungary\/wp-content\/uploads\/2018\/11\/facebook-standardized-100x100.png 100w\" sizes=\"100vw\" \/>\t\t\t\t\t\t\t\t<\/a>\n\t\t\t\t\t\t\t\t\t\t\t<\/div>\n\t\t\t\t<\/div>\n\t\t\t\t<\/div>\n\t\t\t\t<div data-id=\"9c276c4\" class=\"elementor-element elementor-element-9c276c4 elementor-widget elementor-widget-text-editor\" data-element_type=\"text-editor.default\">\n\t\t\t\t<div class=\"elementor-widget-container\">\n\t\t\t\t\t<div class=\"elementor-text-editor elementor-clearfix\"><p style=\"text-align: center;\"><span style=\"color: #ffffff;\"><strong><a style=\"color: #ffffff;\" href=\"https:\/\/www.facebook.com\/lincoln.com.tw\/\" data-wplink-edit=\"true\">\u6797\u80af\u7c89\u5c08<\/a><\/strong><\/span><\/p><\/div>\n\t\t\t\t<\/div>\n\t\t\t\t<\/div>\n\t\t\t\t\t\t<\/div>\n\t\t\t<\/div>\n\t\t<\/div>\n\t\t\t\t<div data-id=\"84240a3\" class=\"elementor-element elementor-element-84240a3 elementor-column elementor-col-12 elementor-top-column\" data-element_type=\"column\">\n\t\t\t<div class=\"elementor-column-wrap elementor-element-populated\">\n\t\t\t\t\t<div class=\"elementor-widget-wrap\">\n\t\t\t\t<div data-id=\"8f94c72\" class=\"elementor-element elementor-element-8f94c72 elementor-widget elementor-widget-image\" data-element_type=\"image.default\">\n\t\t\t\t<div class=\"elementor-widget-container\">\n\t\t\t\t\t<div class=\"elementor-image\">\n\t\t\t\t\t\t\t\t\t\t\t<a href=\"https:\/\/www.youtube.com\/channel\/UCq788IM-xAk0IHbLPnykx9w\" data-elementor-open-lightbox=\"\" target=\"_blank\">\n\t\t\t\t\t\t\t<img loading=\"lazy\" decoding=\"async\" width=\"500\" height=\"500\" src=\"http:\/\/www.lincoln.com.tw\/hungary\/wp-content\/uploads\/2018\/11\/youtube-standardized.png\" class=\"attachment-large size-large\" alt=\"\" srcset=\"http:\/\/www.lincoln.com.tw\/hungary\/wp-content\/uploads\/2018\/11\/youtube-standardized.png 500w, http:\/\/www.lincoln.com.tw\/hungary\/wp-content\/uploads\/2018\/11\/youtube-standardized-150x150.png 150w, http:\/\/www.lincoln.com.tw\/hungary\/wp-content\/uploads\/2018\/11\/youtube-standardized-300x300.png 300w, http:\/\/www.lincoln.com.tw\/hungary\/wp-content\/uploads\/2018\/11\/youtube-standardized-100x100.png 100w\" sizes=\"100vw\" \/>\t\t\t\t\t\t\t\t<\/a>\n\t\t\t\t\t\t\t\t\t\t\t<\/div>\n\t\t\t\t<\/div>\n\t\t\t\t<\/div>\n\t\t\t\t<div data-id=\"46d5fe9\" class=\"elementor-element elementor-element-46d5fe9 elementor-widget elementor-widget-text-editor\" data-element_type=\"text-editor.default\">\n\t\t\t\t<div class=\"elementor-widget-container\">\n\t\t\t\t\t<div class=\"elementor-text-editor elementor-clearfix\"><p style=\"text-align: center;\"><span style=\"color: #ffffff;\"><strong><a style=\"color: #ffffff;\" href=\"https:\/\/www.youtube.com\/channel\/UCq788IM-xAk0IHbLPnykx9w\" data-wplink-edit=\"true\">\u6797\u80af\u4f01\u7ba1youtube<\/a><\/strong><\/span><\/p><\/div>\n\t\t\t\t<\/div>\n\t\t\t\t<\/div>\n\t\t\t\t\t\t<\/div>\n\t\t\t<\/div>\n\t\t<\/div>\n\t\t\t\t<div data-id=\"ba5538e\" class=\"elementor-element elementor-element-ba5538e elementor-column elementor-col-12 elementor-top-column\" data-element_type=\"column\">\n\t\t\t<div class=\"elementor-column-wrap elementor-element-populated\">\n\t\t\t\t\t<div class=\"elementor-widget-wrap\">\n\t\t\t\t<div data-id=\"f095081\" class=\"elementor-element elementor-element-f095081 elementor-widget elementor-widget-image\" data-element_type=\"image.default\">\n\t\t\t\t<div class=\"elementor-widget-container\">\n\t\t\t\t\t<div class=\"elementor-image\">\n\t\t\t\t\t\t\t\t\t\t\t<a href=\"https:\/\/www.linkedin.com\/in\/lincoln-%E6%9E%97%E8%82%AF-%E4%BC%81%E7%AE%A1-education-management-092819173\/\" data-elementor-open-lightbox=\"\" target=\"_blank\">\n\t\t\t\t\t\t\t<img loading=\"lazy\" decoding=\"async\" width=\"500\" height=\"500\" src=\"http:\/\/www.lincoln.com.tw\/hungary\/wp-content\/uploads\/2018\/11\/linkedin-standardized.png\" class=\"attachment-large size-large\" alt=\"\" srcset=\"http:\/\/www.lincoln.com.tw\/hungary\/wp-content\/uploads\/2018\/11\/linkedin-standardized.png 500w, http:\/\/www.lincoln.com.tw\/hungary\/wp-content\/uploads\/2018\/11\/linkedin-standardized-150x150.png 150w, http:\/\/www.lincoln.com.tw\/hungary\/wp-content\/uploads\/2018\/11\/linkedin-standardized-300x300.png 300w, http:\/\/www.lincoln.com.tw\/hungary\/wp-content\/uploads\/2018\/11\/linkedin-standardized-100x100.png 100w\" sizes=\"100vw\" \/>\t\t\t\t\t\t\t\t<\/a>\n\t\t\t\t\t\t\t\t\t\t\t<\/div>\n\t\t\t\t<\/div>\n\t\t\t\t<\/div>\n\t\t\t\t<div data-id=\"abb8c9c\" class=\"elementor-element elementor-element-abb8c9c elementor-widget elementor-widget-text-editor\" data-element_type=\"text-editor.default\">\n\t\t\t\t<div class=\"elementor-widget-container\">\n\t\t\t\t\t<div class=\"elementor-text-editor elementor-clearfix\"><p style=\"text-align: center;\"><span style=\"color: #ffffff;\"><strong><a style=\"color: #ffffff;\" href=\"https:\/\/www.linkedin.com\/in\/lincoln-%E6%9E%97%E8%82%AF-%E4%BC%81%E7%AE%A1-education-management-092819173\/\">\u6797\u80afLinkedIn<\/a><\/strong><\/span><\/p><\/div>\n\t\t\t\t<\/div>\n\t\t\t\t<\/div>\n\t\t\t\t\t\t<\/div>\n\t\t\t<\/div>\n\t\t<\/div>\n\t\t\t\t<div data-id=\"1956008\" class=\"elementor-element elementor-element-1956008 elementor-column elementor-col-12 elementor-top-column\" data-element_type=\"column\">\n\t\t\t<div class=\"elementor-column-wrap elementor-element-populated\">\n\t\t\t\t\t<div class=\"elementor-widget-wrap\">\n\t\t\t\t<div data-id=\"03272d6\" class=\"elementor-element elementor-element-03272d6 elementor-widget elementor-widget-image\" data-element_type=\"image.default\">\n\t\t\t\t<div class=\"elementor-widget-container\">\n\t\t\t\t\t<div class=\"elementor-image\">\n\t\t\t\t\t\t\t\t\t\t\t<a href=\"https:\/\/twitter.com\/lincoln_taiwan\" data-elementor-open-lightbox=\"\" target=\"_blank\">\n\t\t\t\t\t\t\t<img loading=\"lazy\" decoding=\"async\" width=\"500\" height=\"500\" src=\"http:\/\/www.lincoln.com.tw\/hungary\/wp-content\/uploads\/2018\/11\/twitter-standardized.png\" class=\"attachment-large size-large\" alt=\"\" srcset=\"http:\/\/www.lincoln.com.tw\/hungary\/wp-content\/uploads\/2018\/11\/twitter-standardized.png 500w, http:\/\/www.lincoln.com.tw\/hungary\/wp-content\/uploads\/2018\/11\/twitter-standardized-150x150.png 150w, http:\/\/www.lincoln.com.tw\/hungary\/wp-content\/uploads\/2018\/11\/twitter-standardized-300x300.png 300w, http:\/\/www.lincoln.com.tw\/hungary\/wp-content\/uploads\/2018\/11\/twitter-standardized-100x100.png 100w\" sizes=\"100vw\" \/>\t\t\t\t\t\t\t\t<\/a>\n\t\t\t\t\t\t\t\t\t\t\t<\/div>\n\t\t\t\t<\/div>\n\t\t\t\t<\/div>\n\t\t\t\t<div data-id=\"9f28a30\" class=\"elementor-element elementor-element-9f28a30 elementor-widget elementor-widget-text-editor\" data-element_type=\"text-editor.default\">\n\t\t\t\t<div class=\"elementor-widget-container\">\n\t\t\t\t\t<div class=\"elementor-text-editor elementor-clearfix\"><p style=\"text-align: center;\"><span style=\"color: #ffffff;\"><strong><a style=\"color: #ffffff;\" href=\"https:\/\/twitter.com\/lincoln_taiwan\">\u6797\u80aftwitter<\/a><\/strong><\/span><\/p><\/div>\n\t\t\t\t<\/div>\n\t\t\t\t<\/div>\n\t\t\t\t\t\t<\/div>\n\t\t\t<\/div>\n\t\t<\/div>\n\t\t\t\t<div data-id=\"e9ecb8e\" class=\"elementor-element elementor-element-e9ecb8e elementor-column elementor-col-12 elementor-top-column\" data-element_type=\"column\">\n\t\t\t<div class=\"elementor-column-wrap\">\n\t\t\t\t\t<div class=\"elementor-widget-wrap\">\n\t\t\t\t\t\t<\/div>\n\t\t\t<\/div>\n\t\t<\/div>\n\t\t\t\t\t\t<\/div>\n\t\t\t<\/div>\n\t\t<\/section>\n\t\t\t\t\t\t<\/div>\n\t\t\t<\/div>\n\t\t<\/div>\n\t\t","protected":false},"excerpt":{"rendered":"<p>\u68ee\u6885\u5a01\u601d\u5927\u5b78 Semmelweis University \u7c21\u53f2Brief History 1635\u5e74\uff0c\u6a1e\u6a5f\u4e3b\u6559 &hellip; <\/p>\n<p class=\"link-more\"><a href=\"http:\/\/www.lincoln.com.tw\/hungary\/%e5%ad%b8%e6%a0%a1%e4%bb%8b%e7%b4%b9\/%e6%a3%ae%e6%a2%85%e5%a8%81%e6%80%9d%e5%a4%a7%e5%ad%b8-semmelweis-university\/%e5%ad%b8%e6%a0%a1%e4%bb%8b%e7%b4%b9\/\" class=\"more-link\">\u95b1\u8b80\u5168\u6587<span class=\"screen-reader-text\">\u3008\u5b78\u6821\u4ecb\u7d39\u3009<\/span><\/a><\/p>\n","protected":false},"author":1,"featured_media":0,"parent":28,"menu_order":0,"comment_status":"closed","ping_status":"closed","template":"elementor_header_footer","meta":{"footnotes":""},"_links":{"self":[{"href":"http:\/\/www.lincoln.com.tw\/hungary\/wp-json\/wp\/v2\/pages\/460"}],"collection":[{"href":"http:\/\/www.lincoln.com.tw\/hungary\/wp-json\/wp\/v2\/pages"}],"about":[{"href":"http:\/\/www.lincoln.com.tw\/hungary\/wp-json\/wp\/v2\/types\/page"}],"author":[{"embeddable":true,"href":"http:\/\/www.lincoln.com.tw\/hungary\/wp-json\/wp\/v2\/users\/1"}],"replies":[{"embeddable":true,"href":"http:\/\/www.lincoln.com.tw\/hungary\/wp-json\/wp\/v2\/comments?post=460"}],"version-history":[{"count":7,"href":"http:\/\/www.lincoln.com.tw\/hungary\/wp-json\/wp\/v2\/pages\/460\/revisions"}],"predecessor-version":[{"id":1252,"href":"http:\/\/www.lincoln.com.tw\/hungary\/wp-json\/wp\/v2\/pages\/460\/revisions\/1252"}],"up":[{"embeddable":true,"href":"http:\/\/www.lincoln.com.tw\/hungary\/wp-json\/wp\/v2\/pages\/28"}],"wp:attachment":[{"href":"http:\/\/www.lincoln.com.tw\/hungary\/wp-json\/wp\/v2\/media?parent=460"}],"curies":[{"name":"wp","href":"https:\/\/api.w.org\/{rel}","templated":true}]}}